{"id":40,"date":"2010-08-12T20:46:57","date_gmt":"2010-08-12T20:46:57","guid":{"rendered":"http:\/\/webinvent.ro\/?page_id=40"},"modified":"2020-04-28T15:48:39","modified_gmt":"2020-04-28T12:48:39","slug":"design-publicitar","status":"publish","type":"page","link":"https:\/\/www.webinvent.ro\/en\/servicii\/design-publicitar\/","title":{"rendered":"Advertising Design"},"content":{"rendered":"<p><span style=\"font-family: verdana,geneva,sans-serif;\">Web Invent also offers Advertising Design services, services that include the following elements:<\/span><\/p>\n<ul>\n<li><span style=\"font-family: verdana,geneva,sans-serif;\">Abbreviations, Logo (visual identity)<\/span><\/li>\n<li><span style=\"font-family: verdana,geneva,sans-serif;\">Advertising banners<\/span><\/li>\n<li><span style=\"font-family: verdana,geneva,sans-serif;\">brochures<\/span><\/li>\n<li><span style=\"font-family: verdana,geneva,sans-serif;\">Flyers<\/span><\/li>\n<li><span style=\"font-family: verdana,geneva,sans-serif;\">flyers<\/span><\/li>\n<li><span style=\"font-family: verdana,geneva,sans-serif;\">Posters<\/span><\/li>\n<li><span style=\"font-family: verdana,geneva,sans-serif;\">posters<\/span><\/li>\n<li><span style=\"font-family: verdana,geneva,sans-serif;\">catalogs<\/span><\/li>\n<li><span style=\"font-family: verdana,geneva,sans-serif;\">Business cards<\/span><\/li>\n<li><span style=\"font-family: verdana,geneva,sans-serif;\">diplomas<\/span><\/li>\n<li><span style=\"font-family: verdana,geneva,sans-serif;\">Congratulations<\/span><\/li>\n<li><span style=\"font-family: verdana,geneva,sans-serif;\">Image processing<\/span><\/li>\n<\/ul>\n<p class=\"h3\" style=\"text-align: justify;\"><span style=\"font-family: verdana,geneva,sans-serif;\">All the elements necessary for your company and your business to obtain a most pleasant and reliable image, business products but also for social and personal events, our team of designers will create the image you need, contact us and we take care of the rest.<\/span><\/p>\n<p class=\"h3\"><span style=\"font-family: verdana,geneva,sans-serif;\"><span class=\"h3\">For more information, contact us in the section <a href=\"http:\/\/www.webinvent.ro\/en\/?page_id=25\">contact<\/a>, download <a href=\"http:\/\/www.webinvent.ro\/en\/download\/Oferta-Preturi-Servicii-WebInventCo.pdf\/\" target=\"_blank\" rel=\"noopener noreferrer\">offer<\/a> in pdf format or send us <a href=\"http:\/\/www.webinvent.ro\/en\/formular-comanda\/\">command<\/a> d Your<\/span><\/span><\/p>","protected":false},"excerpt":{"rendered":"<p>Web Invent ofera si servicii de Design Publicitar, servicii care inglobeaza urmatoarele elemente: Sigle, Logo (identitate vizual\u0103) Bannere Publicitare Brosuri Pliante Flyere Afise Postere Cataloage Carti<span class=\"excerpt-hellip\"> [\u2026]<\/span><\/p>\n","protected":false},"author":1,"featured_media":0,"parent":2,"menu_order":6,"comment_status":"closed","ping_status":"open","template":"","meta":{"footnotes":""},"class_list":["post-40","page","type-page","status-publish","hentry"],"yoast_head":"<!-- This site is optimized with the Yoast SEO Premium plugin v26.7 (Yoast SEO v26.7) - https:\/\/yoast.com\/wordpress\/plugins\/seo\/ -->\n<title>Design Publicitar | Web Invent Co. Webdesign Studio<\/title>\n<meta name=\"description\" content=\"Web Invent ofer\u0103 \u0219i servicii de Design Publicitar, servicii care \u00eenglobeaz\u0103 urm\u0103toarele elemente...\" \/>\n<meta name=\"robots\" content=\"index, follow, max-snippet:-1, max-image-preview:large, max-video-preview:-1\" \/>\n<link rel=\"canonical\" href=\"https:\/\/www.webinvent.ro\/en\/servicii\/design-publicitar\/\" \/>\n<meta property=\"og:locale\" content=\"en_GB\" \/>\n<meta property=\"og:type\" content=\"article\" \/>\n<meta property=\"og:title\" content=\"Design Publicitar\" \/>\n<meta property=\"og:description\" content=\"Web Invent ofer\u0103 \u0219i servicii de Design Publicitar, servicii care \u00eenglobeaz\u0103 urm\u0103toarele elemente...\" \/>\n<meta property=\"og:url\" content=\"https:\/\/www.webinvent.ro\/en\/servicii\/design-publicitar\/\" \/>\n<meta property=\"og:site_name\" content=\"Web Invent Co. Webdesign Studio\" \/>\n<meta property=\"article:publisher\" content=\"https:\/\/www.facebook.com\/webinvent.ro\" \/>\n<meta property=\"article:modified_time\" content=\"2020-04-28T12:48:39+00:00\" \/>\n<meta property=\"og:image\" content=\"https:\/\/www.webinvent.ro\/wp-content\/uploads\/2020\/01\/logo_retina.png\" \/>\n\t<meta property=\"og:image:width\" content=\"400\" \/>\n\t<meta property=\"og:image:height\" content=\"387\" \/>\n\t<meta property=\"og:image:type\" content=\"image\/png\" \/>\n<meta name=\"twitter:card\" content=\"summary_large_image\" \/>\n<meta name=\"twitter:site\" content=\"@versuswebinvent\" \/>\n<meta name=\"twitter:label1\" content=\"Estimated reading time\" \/>\n\t<meta name=\"twitter:data1\" content=\"1 minute\" \/>\n<script type=\"application\/ld+json\" class=\"yoast-schema-graph\">{\"@context\":\"https:\/\/schema.org\",\"@graph\":[{\"@type\":\"WebPage\",\"@id\":\"https:\/\/www.webinvent.ro\/en\/servicii\/design-publicitar\/\",\"url\":\"https:\/\/www.webinvent.ro\/en\/servicii\/design-publicitar\/\",\"name\":\"Design Publicitar | Web Invent Co. Webdesign Studio\",\"isPartOf\":{\"@id\":\"https:\/\/www.webinvent.ro\/#website\"},\"datePublished\":\"2010-08-12T20:46:57+00:00\",\"dateModified\":\"2020-04-28T12:48:39+00:00\",\"description\":\"Web Invent ofer\u0103 \u0219i servicii de Design Publicitar, servicii care \u00eenglobeaz\u0103 urm\u0103toarele elemente...\",\"breadcrumb\":{\"@id\":\"https:\/\/www.webinvent.ro\/en\/servicii\/design-publicitar\/#breadcrumb\"},\"inLanguage\":\"en-GB\",\"potentialAction\":[{\"@type\":\"ReadAction\",\"target\":[\"https:\/\/www.webinvent.ro\/en\/servicii\/design-publicitar\/\"]}]},{\"@type\":\"BreadcrumbList\",\"@id\":\"https:\/\/www.webinvent.ro\/en\/servicii\/design-publicitar\/#breadcrumb\",\"itemListElement\":[{\"@type\":\"ListItem\",\"position\":1,\"name\":\"Home\",\"item\":\"https:\/\/www.webinvent.ro\/\"},{\"@type\":\"ListItem\",\"position\":2,\"name\":\"SERVICII\",\"item\":\"https:\/\/www.webinvent.ro\/en\/servicii\/\"},{\"@type\":\"ListItem\",\"position\":3,\"name\":\"Design Publicitar\"}]},{\"@type\":\"WebSite\",\"@id\":\"https:\/\/www.webinvent.ro\/#website\",\"url\":\"https:\/\/www.webinvent.ro\/\",\"name\":\"Web Invent Co. Webdesign Studio | Studio specializat in Programare, Promovare, Administrare & grafica Web, Design Publicitar, Optimizare SEO, Hosting & Domenii\",\"description\":\"Web Invent - Studio specializat in Programare, Promovare, Administrare &amp; grafica Web, Design Publicitar, Optimizare SEO, Hosting &amp; Domenii.\",\"publisher\":{\"@id\":\"https:\/\/www.webinvent.ro\/#organization\"},\"potentialAction\":[{\"@type\":\"SearchAction\",\"target\":{\"@type\":\"EntryPoint\",\"urlTemplate\":\"https:\/\/www.webinvent.ro\/?s={search_term_string}\"},\"query-input\":{\"@type\":\"PropertyValueSpecification\",\"valueRequired\":true,\"valueName\":\"search_term_string\"}}],\"inLanguage\":\"en-GB\"},{\"@type\":\"Organization\",\"@id\":\"https:\/\/www.webinvent.ro\/#organization\",\"name\":\"Web Invent\",\"url\":\"https:\/\/www.webinvent.ro\/\",\"logo\":{\"@type\":\"ImageObject\",\"inLanguage\":\"en-GB\",\"@id\":\"https:\/\/www.webinvent.ro\/#\/schema\/logo\/image\/\",\"url\":\"https:\/\/www.webinvent.ro\/wp-content\/uploads\/2020\/01\/favicon_apple.png\",\"contentUrl\":\"https:\/\/www.webinvent.ro\/wp-content\/uploads\/2020\/01\/favicon_apple.png\",\"width\":180,\"height\":180,\"caption\":\"Web Invent\"},\"image\":{\"@id\":\"https:\/\/www.webinvent.ro\/#\/schema\/logo\/image\/\"},\"sameAs\":[\"https:\/\/www.facebook.com\/webinvent.ro\",\"https:\/\/x.com\/versuswebinvent\"]}]}<\/script>\n<!-- \/ Yoast SEO Premium plugin. -->","yoast_head_json":{"title":"Advertising Design | Web Invent Co. Webdesign Studio","description":"Web Invent also offers Advertising Design services, services that include the following elements ...","robots":{"index":"index","follow":"follow","max-snippet":"max-snippet:-1","max-image-preview":"max-image-preview:large","max-video-preview":"max-video-preview:-1"},"canonical":"https:\/\/www.webinvent.ro\/en\/servicii\/design-publicitar\/","og_locale":"en_GB","og_type":"article","og_title":"Design Publicitar","og_description":"Web Invent ofer\u0103 \u0219i servicii de Design Publicitar, servicii care \u00eenglobeaz\u0103 urm\u0103toarele elemente...","og_url":"https:\/\/www.webinvent.ro\/en\/servicii\/design-publicitar\/","og_site_name":"Web Invent Co. Webdesign Studio","article_publisher":"https:\/\/www.facebook.com\/webinvent.ro","article_modified_time":"2020-04-28T12:48:39+00:00","og_image":[{"width":400,"height":387,"url":"https:\/\/www.webinvent.ro\/wp-content\/uploads\/2020\/01\/logo_retina.png","type":"image\/png"}],"twitter_card":"summary_large_image","twitter_site":"@versuswebinvent","twitter_misc":{"Estimated reading time":"1 minute"},"schema":{"@context":"https:\/\/schema.org","@graph":[{"@type":"WebPage","@id":"https:\/\/www.webinvent.ro\/en\/servicii\/design-publicitar\/","url":"https:\/\/www.webinvent.ro\/en\/servicii\/design-publicitar\/","name":"Advertising Design | Web Invent Co. Webdesign Studio","isPartOf":{"@id":"https:\/\/www.webinvent.ro\/#website"},"datePublished":"2010-08-12T20:46:57+00:00","dateModified":"2020-04-28T12:48:39+00:00","description":"Web Invent also offers Advertising Design services, services that include the following elements ...","breadcrumb":{"@id":"https:\/\/www.webinvent.ro\/en\/servicii\/design-publicitar\/#breadcrumb"},"inLanguage":"en-GB","potentialAction":[{"@type":"ReadAction","target":["https:\/\/www.webinvent.ro\/en\/servicii\/design-publicitar\/"]}]},{"@type":"BreadcrumbList","@id":"https:\/\/www.webinvent.ro\/en\/servicii\/design-publicitar\/#breadcrumb","itemListElement":[{"@type":"ListItem","position":1,"name":"Home","item":"https:\/\/www.webinvent.ro\/"},{"@type":"ListItem","position":2,"name":"SERVICII","item":"https:\/\/www.webinvent.ro\/en\/servicii\/"},{"@type":"ListItem","position":3,"name":"Design Publicitar"}]},{"@type":"WebSite","@id":"https:\/\/www.webinvent.ro\/#website","url":"https:\/\/www.webinvent.ro\/","name":"Web Invent Co. Webdesign Studio | Studio specializat in Programare, Promovare, Administrare & grafica Web, Design Publicitar, Optimizare SEO, Hosting & Domenii","description":"Web Invent - Studio specializat in Programare, Promovare, Administrare &amp; grafica Web, Design Publicitar, Optimizare SEO, Hosting &amp; Domenii.","publisher":{"@id":"https:\/\/www.webinvent.ro\/#organization"},"potentialAction":[{"@type":"SearchAction","target":{"@type":"EntryPoint","urlTemplate":"https:\/\/www.webinvent.ro\/?s={search_term_string}"},"query-input":{"@type":"PropertyValueSpecification","valueRequired":true,"valueName":"search_term_string"}}],"inLanguage":"en-GB"},{"@type":"Organization","@id":"https:\/\/www.webinvent.ro\/#organization","name":"Web Invent","url":"https:\/\/www.webinvent.ro\/","logo":{"@type":"ImageObject","inLanguage":"en-GB","@id":"https:\/\/www.webinvent.ro\/#\/schema\/logo\/image\/","url":"https:\/\/www.webinvent.ro\/wp-content\/uploads\/2020\/01\/favicon_apple.png","contentUrl":"https:\/\/www.webinvent.ro\/wp-content\/uploads\/2020\/01\/favicon_apple.png","width":180,"height":180,"caption":"Web Invent"},"image":{"@id":"https:\/\/www.webinvent.ro\/#\/schema\/logo\/image\/"},"sameAs":["https:\/\/www.facebook.com\/webinvent.ro","https:\/\/x.com\/versuswebinvent"]}]}},"_links":{"self":[{"href":"https:\/\/www.webinvent.ro\/en\/wp-json\/wp\/v2\/pages\/40","targetHints":{"allow":["GET"]}}],"collection":[{"href":"https:\/\/www.webinvent.ro\/en\/wp-json\/wp\/v2\/pages"}],"about":[{"href":"https:\/\/www.webinvent.ro\/en\/wp-json\/wp\/v2\/types\/page"}],"author":[{"embeddable":true,"href":"https:\/\/www.webinvent.ro\/en\/wp-json\/wp\/v2\/users\/1"}],"replies":[{"embeddable":true,"href":"https:\/\/www.webinvent.ro\/en\/wp-json\/wp\/v2\/comments?post=40"}],"version-history":[{"count":16,"href":"https:\/\/www.webinvent.ro\/en\/wp-json\/wp\/v2\/pages\/40\/revisions"}],"predecessor-version":[{"id":4109,"href":"https:\/\/www.webinvent.ro\/en\/wp-json\/wp\/v2\/pages\/40\/revisions\/4109"}],"up":[{"embeddable":true,"href":"https:\/\/www.webinvent.ro\/en\/wp-json\/wp\/v2\/pages\/2"}],"wp:attachment":[{"href":"https:\/\/www.webinvent.ro\/en\/wp-json\/wp\/v2\/media?parent=40"}],"curies":[{"name":"wp","href":"https:\/\/api.w.org\/{rel}","templated":true}]}}