{"id":3344,"date":"2018-05-24T19:11:24","date_gmt":"2018-05-24T16:11:24","guid":{"rendered":"http:\/\/www.webinvent.ro\/?page_id=3344"},"modified":"2020-11-11T17:59:59","modified_gmt":"2020-11-11T15:59:59","slug":"politica-de-confidentialitate","status":"publish","type":"page","link":"https:\/\/www.webinvent.ro\/en\/politica-de-confidentialitate\/","title":{"rendered":"PRIVACY POLICY"},"content":{"rendered":"<h2 style=\"text-align: justify;\"><span style=\"font-family: helvetica, arial, sans-serif; font-size: 18pt;\">COMMITMENT<\/span><\/h2>\n<p style=\"text-align: justify;\"><span style=\"font-family: helvetica, arial, sans-serif;\">We are committed to keeping your personal data safe and secure.<\/span><\/p>\n<p style=\"text-align: justify;\"><span style=\"font-family: helvetica, arial, sans-serif;\">To ensure that we do everything we can to give you transparency about how we use your data, as well as to give you control over your own information, we have updated the Privacy Statement, including the Cookie Policy and similar technologies.<\/span><\/p>\n<p style=\"text-align: justify;\"><span style=\"font-family: helvetica, arial, sans-serif;\">The updated privacy statements inform you about how we use your personal data, regarding your rights and how you can exercise them. The updated privacy statements will enter into force on May 25, 2018, so we will comply with the requirements of the European Union General Data Protection Regulation (&quot;<a href=\"http:\/\/www.webinvent.ro\/en\/download\/regulament_gdpr.pdf\/\" target=\"_blank\" rel=\"noopener noreferrer\">GDPR<\/a>&#8222;).<\/span><\/p>\n<h2 style=\"text-align: justify;\"><span style=\"font-family: helvetica, arial, sans-serif; font-size: 18pt;\">Who you are (we are)<\/span><\/h2>\n<p style=\"text-align: justify;\"><span style=\"font-family: helvetica, arial, sans-serif;\">The website address is: https:\/\/www.webinvent.ro.<\/span><\/p>\n<h2 style=\"text-align: justify;\"><span style=\"font-family: helvetica, arial, sans-serif; font-size: 18pt;\">What personal data we collect and why we collect them<\/span><\/h2>\n<h3 style=\"text-align: justify;\"><span style=\"font-family: helvetica, arial, sans-serif;\">Comments<\/span><\/h3>\n<p style=\"text-align: justify;\"><span style=\"font-family: helvetica, arial, sans-serif;\">When visitors leave comments on the site, we collect the data shown in the comment forms, as well as the visitor&#039;s IP address and the user agent string in the browser to help us detect spam.<\/span><\/p>\n<p style=\"text-align: justify;\"><span style=\"font-family: helvetica, arial, sans-serif;\">An anonymous string (also called a hash), created from your email addresses, can be provided to Gravatar to see if you use it. Gravatar&#039;s privacy policy is available here: https:\/\/automattic.com\/privacy\/. Once your comment has been approved, your profile photo will be visible to the public near your comment.<\/span><\/p>\n<h3 style=\"text-align: justify;\"><span style=\"font-family: helvetica, arial, sans-serif;\">Mediate<\/span><\/h3>\n<p style=\"text-align: justify;\"><span style=\"font-family: helvetica, arial, sans-serif;\">If you upload images to the website, you should avoid uploading images that have embedded location data (EXIF GPS). Website visitors can download and extract all location data from site images.<\/span><\/p>\n<h3 style=\"text-align: justify;\"><span style=\"font-family: helvetica, arial, sans-serif;\">Contact forms<\/span><\/h3>\n<h3 style=\"text-align: justify;\"><span style=\"font-family: helvetica, arial, sans-serif;\">Cookies<\/span><\/h3>\n<p style=\"text-align: justify;\"><span style=\"font-family: helvetica, arial, sans-serif;\">If you leave a comment on our site, you can choose to save your name, email address and website in cookies. These are for your convenience, so you don&#039;t have to complete them again when you leave another comment. These cookies will be valid for one year.<\/span><\/p>\n<p style=\"text-align: justify;\"><span style=\"font-family: helvetica, arial, sans-serif;\">If you have an account and log in to this site, we will set a temporary cookie to determine if your browser accepts cookies. This cookie does not contain any personal data and is removed when you close your browser.<\/span><\/p>\n<p style=\"text-align: justify;\"><span style=\"font-family: helvetica, arial, sans-serif;\">When you log in, we will also set some cookies to save your login information and on-screen display options. Authentication cookies are kept for two days, and those for on-screen display options are kept for one year. If you select &quot;Remember Me&quot;, your authentication cookies will be kept for two weeks. If you log out of your account, the authentication cookies will be removed.<\/span><\/p>\n<p style=\"text-align: justify;\"><span style=\"font-family: helvetica, arial, sans-serif;\">If you edit or publish an article, an additional cookie will be saved in your browser. This cookie does not include personal data and simply indicates the ID of the article you just edited. He expires after 1 day.<\/span><\/p>\n<h3 style=\"text-align: justify;\"><span style=\"font-family: helvetica, arial, sans-serif;\">Content embedded on other websites<\/span><\/h3>\n<p style=\"text-align: justify;\"><span style=\"font-family: helvetica, arial, sans-serif;\">Articles on this site may include embedded content (for example, videos, images, articles, etc.). Content embedded on other websites behaves exactly as if visitors viewed another website.<\/span><\/p>\n<p style=\"text-align: justify;\"><span style=\"font-family: helvetica, arial, sans-serif;\">These websites may collect data about you, use cookies, include additional third-party tracking, and monitor your interaction with embedded content, including tracking your interaction with embedded content if you have an account and are logged in to that website.<\/span><\/p>\n<h3 style=\"text-align: justify;\"><span style=\"font-family: helvetica, arial, sans-serif;\">analytical<\/span><\/h3>\n<h2 style=\"text-align: justify;\"><span style=\"font-family: helvetica, arial, sans-serif; font-size: 18pt;\">How long we keep your data<\/span><\/h2>\n<p style=\"text-align: justify;\"><span style=\"font-family: helvetica, arial, sans-serif;\">If you leave a comment, its comment and metadata are kept indefinitely. So we can automatically recognize and approve all the following comments instead of keeping them in a queue for moderation.<\/span><\/p>\n<p style=\"text-align: justify;\"><span style=\"font-family: helvetica, arial, sans-serif;\">For users (if any) who register on our website, we also store the personal information they provide in their user profile. All users can view, edit or delete their personal information at any time (but cannot change their username). Website administrators can also view and edit this information.<\/span><\/p>\n<h2 style=\"text-align: justify;\"><span style=\"font-family: helvetica, arial, sans-serif; font-size: 18pt;\">What rights do you have over your data?<\/span><\/h2>\n<p style=\"text-align: justify;\"><span style=\"font-family: helvetica, arial, sans-serif;\">If you have an account or have left comments on this website, you may request that you receive an export file containing the personal data we hold about you, including all the data you provided to us. You can also ask us to delete all personal data we hold about you. These do not include all the data that we are obliged to keep for administrative, legal or security purposes.<\/span><\/p>\n<h2 style=\"text-align: justify;\"><span style=\"font-family: helvetica, arial, sans-serif; font-size: 18pt;\">Where we send your data<\/span><\/h2>\n<p style=\"text-align: justify;\"><span style=\"font-family: helvetica, arial, sans-serif;\">Visitor comments can be verified through an automatic spam detection service.<\/span><\/p>","protected":false},"excerpt":{"rendered":"<p>ANGAJAMENT Ne lu\u0103m angajamentul s\u0103 \u00ee\u0163i p\u0103str\u0103m datele cu caracter personal \u00een condi\u0163ii de siguran\u0163\u0103 \u015fi securitate. Pentru a ne asigura c\u0103 facem tot ce putem<span class=\"excerpt-hellip\"> [\u2026]<\/span><\/p>\n","protected":false},"author":1,"featured_media":0,"parent":0,"menu_order":0,"comment_status":"closed","ping_status":"open","template":"","meta":{"footnotes":""},"class_list":["post-3344","page","type-page","status-publish","hentry"],"yoast_head":"<!-- This site is optimized with the Yoast SEO Premium plugin v26.7 (Yoast SEO v26.7) - https:\/\/yoast.com\/wordpress\/plugins\/seo\/ -->\n<title>POLITICA DE CONFIDEN\u021aIALITATE | Web Invent Co. Webdesign Studio<\/title>\n<meta name=\"description\" content=\"Ne lu\u0103m angajamentul s\u0103 \u00ee\u0163i p\u0103str\u0103m datele cu caracter personal \u00een condi\u0163ii de siguran\u0163\u0103 \u015fi securitate...\" \/>\n<meta name=\"robots\" content=\"index, follow, max-snippet:-1, max-image-preview:large, max-video-preview:-1\" \/>\n<link rel=\"canonical\" href=\"https:\/\/www.webinvent.ro\/en\/politica-de-confidentialitate\/\" \/>\n<meta property=\"og:locale\" content=\"en_GB\" \/>\n<meta property=\"og:type\" content=\"article\" \/>\n<meta property=\"og:title\" content=\"POLITICA DE CONFIDEN\u021aIALITATE\" \/>\n<meta property=\"og:description\" content=\"Ne lu\u0103m angajamentul s\u0103 \u00ee\u0163i p\u0103str\u0103m datele cu caracter personal \u00een condi\u0163ii de siguran\u0163\u0103 \u015fi securitate...\" \/>\n<meta property=\"og:url\" content=\"https:\/\/www.webinvent.ro\/en\/politica-de-confidentialitate\/\" \/>\n<meta property=\"og:site_name\" content=\"Web Invent Co. Webdesign Studio\" \/>\n<meta property=\"article:publisher\" content=\"https:\/\/www.facebook.com\/webinvent.ro\" \/>\n<meta property=\"article:modified_time\" content=\"2020-11-11T15:59:59+00:00\" \/>\n<meta property=\"og:image\" content=\"https:\/\/www.webinvent.ro\/wp-content\/uploads\/2020\/01\/logo_retina.png\" \/>\n\t<meta property=\"og:image:width\" content=\"400\" \/>\n\t<meta property=\"og:image:height\" content=\"387\" \/>\n\t<meta property=\"og:image:type\" content=\"image\/png\" \/>\n<meta name=\"twitter:card\" content=\"summary_large_image\" \/>\n<meta name=\"twitter:site\" content=\"@versuswebinvent\" \/>\n<meta name=\"twitter:label1\" content=\"Estimated reading time\" \/>\n\t<meta name=\"twitter:data1\" content=\"4 minutes\" \/>\n<script type=\"application\/ld+json\" class=\"yoast-schema-graph\">{\"@context\":\"https:\/\/schema.org\",\"@graph\":[{\"@type\":\"WebPage\",\"@id\":\"https:\/\/www.webinvent.ro\/politica-de-confidentialitate\/\",\"url\":\"https:\/\/www.webinvent.ro\/politica-de-confidentialitate\/\",\"name\":\"POLITICA DE CONFIDEN\u021aIALITATE | Web Invent Co. Webdesign Studio\",\"isPartOf\":{\"@id\":\"https:\/\/www.webinvent.ro\/#website\"},\"datePublished\":\"2018-05-24T16:11:24+00:00\",\"dateModified\":\"2020-11-11T15:59:59+00:00\",\"description\":\"Ne lu\u0103m angajamentul s\u0103 \u00ee\u0163i p\u0103str\u0103m datele cu caracter personal \u00een condi\u0163ii de siguran\u0163\u0103 \u015fi securitate...\",\"breadcrumb\":{\"@id\":\"https:\/\/www.webinvent.ro\/politica-de-confidentialitate\/#breadcrumb\"},\"inLanguage\":\"en-GB\",\"potentialAction\":[{\"@type\":\"ReadAction\",\"target\":[\"https:\/\/www.webinvent.ro\/politica-de-confidentialitate\/\"]}]},{\"@type\":\"BreadcrumbList\",\"@id\":\"https:\/\/www.webinvent.ro\/politica-de-confidentialitate\/#breadcrumb\",\"itemListElement\":[{\"@type\":\"ListItem\",\"position\":1,\"name\":\"Home\",\"item\":\"https:\/\/www.webinvent.ro\/\"},{\"@type\":\"ListItem\",\"position\":2,\"name\":\"POLITICA DE CONFIDEN\u021aIALITATE\"}]},{\"@type\":\"WebSite\",\"@id\":\"https:\/\/www.webinvent.ro\/#website\",\"url\":\"https:\/\/www.webinvent.ro\/\",\"name\":\"Web Invent Co. Webdesign Studio | Studio specializat in Programare, Promovare, Administrare & grafica Web, Design Publicitar, Optimizare SEO, Hosting & Domenii\",\"description\":\"Web Invent - Studio specializat in Programare, Promovare, Administrare &amp; grafica Web, Design Publicitar, Optimizare SEO, Hosting &amp; Domenii.\",\"publisher\":{\"@id\":\"https:\/\/www.webinvent.ro\/#organization\"},\"potentialAction\":[{\"@type\":\"SearchAction\",\"target\":{\"@type\":\"EntryPoint\",\"urlTemplate\":\"https:\/\/www.webinvent.ro\/?s={search_term_string}\"},\"query-input\":{\"@type\":\"PropertyValueSpecification\",\"valueRequired\":true,\"valueName\":\"search_term_string\"}}],\"inLanguage\":\"en-GB\"},{\"@type\":\"Organization\",\"@id\":\"https:\/\/www.webinvent.ro\/#organization\",\"name\":\"Web Invent\",\"url\":\"https:\/\/www.webinvent.ro\/\",\"logo\":{\"@type\":\"ImageObject\",\"inLanguage\":\"en-GB\",\"@id\":\"https:\/\/www.webinvent.ro\/#\/schema\/logo\/image\/\",\"url\":\"https:\/\/www.webinvent.ro\/wp-content\/uploads\/2020\/01\/favicon_apple.png\",\"contentUrl\":\"https:\/\/www.webinvent.ro\/wp-content\/uploads\/2020\/01\/favicon_apple.png\",\"width\":180,\"height\":180,\"caption\":\"Web Invent\"},\"image\":{\"@id\":\"https:\/\/www.webinvent.ro\/#\/schema\/logo\/image\/\"},\"sameAs\":[\"https:\/\/www.facebook.com\/webinvent.ro\",\"https:\/\/x.com\/versuswebinvent\"]}]}<\/script>\n<!-- \/ Yoast SEO Premium plugin. -->","yoast_head_json":{"title":"CONFIDENTIALITY POLICY | Web Invent Co. Webdesign Studio","description":"We are committed to keeping your personal data safe and secure.","robots":{"index":"index","follow":"follow","max-snippet":"max-snippet:-1","max-image-preview":"max-image-preview:large","max-video-preview":"max-video-preview:-1"},"canonical":"https:\/\/www.webinvent.ro\/en\/politica-de-confidentialitate\/","og_locale":"en_GB","og_type":"article","og_title":"POLITICA DE CONFIDEN\u021aIALITATE","og_description":"Ne lu\u0103m angajamentul s\u0103 \u00ee\u0163i p\u0103str\u0103m datele cu caracter personal \u00een condi\u0163ii de siguran\u0163\u0103 \u015fi securitate...","og_url":"https:\/\/www.webinvent.ro\/en\/politica-de-confidentialitate\/","og_site_name":"Web Invent Co. Webdesign Studio","article_publisher":"https:\/\/www.facebook.com\/webinvent.ro","article_modified_time":"2020-11-11T15:59:59+00:00","og_image":[{"width":400,"height":387,"url":"https:\/\/www.webinvent.ro\/wp-content\/uploads\/2020\/01\/logo_retina.png","type":"image\/png"}],"twitter_card":"summary_large_image","twitter_site":"@versuswebinvent","twitter_misc":{"Estimated reading time":"4 minutes"},"schema":{"@context":"https:\/\/schema.org","@graph":[{"@type":"WebPage","@id":"https:\/\/www.webinvent.ro\/politica-de-confidentialitate\/","url":"https:\/\/www.webinvent.ro\/politica-de-confidentialitate\/","name":"CONFIDENTIALITY POLICY | Web Invent Co. Webdesign Studio","isPartOf":{"@id":"https:\/\/www.webinvent.ro\/#website"},"datePublished":"2018-05-24T16:11:24+00:00","dateModified":"2020-11-11T15:59:59+00:00","description":"We are committed to keeping your personal data safe and secure.","breadcrumb":{"@id":"https:\/\/www.webinvent.ro\/politica-de-confidentialitate\/#breadcrumb"},"inLanguage":"en-GB","potentialAction":[{"@type":"ReadAction","target":["https:\/\/www.webinvent.ro\/politica-de-confidentialitate\/"]}]},{"@type":"BreadcrumbList","@id":"https:\/\/www.webinvent.ro\/politica-de-confidentialitate\/#breadcrumb","itemListElement":[{"@type":"ListItem","position":1,"name":"Home","item":"https:\/\/www.webinvent.ro\/"},{"@type":"ListItem","position":2,"name":"POLITICA DE CONFIDEN\u021aIALITATE"}]},{"@type":"WebSite","@id":"https:\/\/www.webinvent.ro\/#website","url":"https:\/\/www.webinvent.ro\/","name":"Web Invent Co. Webdesign Studio | Studio specializat in Programare, Promovare, Administrare & grafica Web, Design Publicitar, Optimizare SEO, Hosting & Domenii","description":"Web Invent - Studio specializat in Programare, Promovare, Administrare &amp; grafica Web, Design Publicitar, Optimizare SEO, Hosting &amp; Domenii.","publisher":{"@id":"https:\/\/www.webinvent.ro\/#organization"},"potentialAction":[{"@type":"SearchAction","target":{"@type":"EntryPoint","urlTemplate":"https:\/\/www.webinvent.ro\/?s={search_term_string}"},"query-input":{"@type":"PropertyValueSpecification","valueRequired":true,"valueName":"search_term_string"}}],"inLanguage":"en-GB"},{"@type":"Organization","@id":"https:\/\/www.webinvent.ro\/#organization","name":"Web Invent","url":"https:\/\/www.webinvent.ro\/","logo":{"@type":"ImageObject","inLanguage":"en-GB","@id":"https:\/\/www.webinvent.ro\/#\/schema\/logo\/image\/","url":"https:\/\/www.webinvent.ro\/wp-content\/uploads\/2020\/01\/favicon_apple.png","contentUrl":"https:\/\/www.webinvent.ro\/wp-content\/uploads\/2020\/01\/favicon_apple.png","width":180,"height":180,"caption":"Web Invent"},"image":{"@id":"https:\/\/www.webinvent.ro\/#\/schema\/logo\/image\/"},"sameAs":["https:\/\/www.facebook.com\/webinvent.ro","https:\/\/x.com\/versuswebinvent"]}]}},"_links":{"self":[{"href":"https:\/\/www.webinvent.ro\/en\/wp-json\/wp\/v2\/pages\/3344","targetHints":{"allow":["GET"]}}],"collection":[{"href":"https:\/\/www.webinvent.ro\/en\/wp-json\/wp\/v2\/pages"}],"about":[{"href":"https:\/\/www.webinvent.ro\/en\/wp-json\/wp\/v2\/types\/page"}],"author":[{"embeddable":true,"href":"https:\/\/www.webinvent.ro\/en\/wp-json\/wp\/v2\/users\/1"}],"replies":[{"embeddable":true,"href":"https:\/\/www.webinvent.ro\/en\/wp-json\/wp\/v2\/comments?post=3344"}],"version-history":[{"count":12,"href":"https:\/\/www.webinvent.ro\/en\/wp-json\/wp\/v2\/pages\/3344\/revisions"}],"predecessor-version":[{"id":4141,"href":"https:\/\/www.webinvent.ro\/en\/wp-json\/wp\/v2\/pages\/3344\/revisions\/4141"}],"wp:attachment":[{"href":"https:\/\/www.webinvent.ro\/en\/wp-json\/wp\/v2\/media?parent=3344"}],"curies":[{"name":"wp","href":"https:\/\/api.w.org\/{rel}","templated":true}]}}