{"id":1008,"date":"2011-02-08T17:56:09","date_gmt":"2011-02-08T14:56:09","guid":{"rendered":"http:\/\/www.webinvent.ro"},"modified":"2020-02-23T22:05:12","modified_gmt":"2020-02-23T20:05:12","slug":"link-exchange","status":"publish","type":"page","link":"https:\/\/www.webinvent.ro\/en\/utile\/link-exchange\/","title":{"rendered":"Link Exchange"},"content":{"rendered":"<div class=\"vc_row wpb_row vc_row-fluid\"><div class=\"wpb_column vc_column_container vc_col-sm-12\"><div class=\"vc_column-inner\"><div class=\"wpb_wrapper\">\n\t<div class=\"wpb_text_column wpb_content_element\" >\n\t\t<div class=\"wpb_wrapper\">\n\t\t\t<h3 style=\"text-align: center;\"><span style=\"font-size: 12pt;\">For those who want to do banner &amp; link exchange with <a href=\"http:\/\/www.webinvent.ro\/en\/\">webinvent.ro<\/a> I can use the codes below for the partnership!<\/span><\/h3>\n<hr \/>\n<p style=\"text-align: center;\"><strong>Logo Back Link<\/strong><\/p>\n<p><a href=\"http:\/\/www.webinvent.ro\/wp-content\/uploads\/2011\/02\/webinvent_backlink1.png\"><img loading=\"lazy\" decoding=\"async\" class=\"aligncenter size-full wp-image-1221\" title=\"Webinvent Backlink\" src=\"http:\/\/www.webinvent.ro\/images\/webinvent_backlink.png\" alt=\"\" width=\"88\" height=\"31\" \/><\/a><\/p>\n<p style=\"text-align: center;\"><textarea cols=\"55\" rows=\"5\">&lt;a href=&#8221;http:\/\/www.webinvent.ro&#8221; _cke_saved_href=&#8221;http:\/\/www.webinvent.ro&#8221; title=&#8221;Web Invent Co. Webdesign Studio&#8221;&gt;&lt;img src=&#8221;http:\/\/www.webinvent.ro\/images\/webinvent_backlink.png&#8221; _cke_saved_src=&#8221;http:\/\/www.webinvent.ro\/images\/webinvent_backlink.png&#8221; border=&#8221;0&#8243;&gt;&lt;\/a&gt;<\/textarea><\/p>\n<p style=\"text-align: center;\"><strong>Web Invent Logo 1<\/strong><\/p>\n<p><a href=\"http:\/\/www.webinvent.ro\/en\/images\/logo_webinvent.png\/\"><img loading=\"lazy\" decoding=\"async\" class=\"aligncenter size-full wp-image-1009\" style=\"width: 200px; height: 192px;\" title=\"Webinvent logo 1\" src=\"http:\/\/www.webinvent.ro\/images\/logo_webinvent.png\" alt=\"\" width=\"200\" height=\"192\" \/><\/a><\/p>\n<p style=\"text-align: center;\"><textarea cols=\"55\" rows=\"5\">&lt;a href=&#8221;http:\/\/www.webinvent.ro&#8221; _cke_saved_href=&#8221;http:\/\/www.webinvent.ro&#8221;&gt;&lt;img src=&#8221;http:\/\/www.webinvent.ro\/images\/logo_webinvent.png&#8221; _cke_saved_src=&#8221;http:\/\/www.webinvent.ro\/images\/logo_webinvent.png&#8221; title=&#8221;Web Invent Co. Webdesign Studio&#8221; width=&#8221;170&#8243; border=&#8221;0&#8243;&gt;&lt;\/a&gt;<\/textarea><\/p>\n<p style=\"text-align: center;\"><strong>Webinvent 2 logo<\/strong><\/p>\n<p><a href=\"http:\/\/www.webinvent.ro\/en\/images\/logo_webinvent2.png\/\"><img loading=\"lazy\" decoding=\"async\" class=\"aligncenter size-full wp-image-1018\" title=\"Webinvent 2 logo\" src=\"http:\/\/www.webinvent.ro\/images\/logo_webinvent2.png\" alt=\"\" width=\"200\" height=\"199\" \/><\/a><\/p>\n<p style=\"text-align: center;\"><textarea cols=\"55\" rows=\"5\">&lt;a href=&#8221;http:\/\/www.webinvent.ro&#8221; _cke_saved_href=&#8221;http:\/\/www.webinvent.ro&#8221;&gt;&lt;img src=&#8221;http:\/\/www.webinvent.ro\/images\/logo_webinvent2.png&#8221; _cke_saved_src=&#8221;http:\/\/www.webinvent.ro\/images\/logo_webinvent2.png&#8221; title=&#8221;Web Invent Co. Webdesign Studio&#8221; width=&#8221;170&#8243; border=&#8221;0&#8243;&gt;&lt;\/a&gt;<\/textarea><\/p>\n<p style=\"text-align: center;\"><strong>Webinvent 3 logo<\/strong><\/p>\n<p style=\"text-align: center;\"><strong><a href=\"http:\/\/www.webinvent.ro\/en\/images\/logo_webinvent3.png\/\"><img loading=\"lazy\" decoding=\"async\" class=\"aligncenter size-full wp-image-1026\" title=\"Webinvent 3 logo\" src=\"http:\/\/www.webinvent.ro\/images\/logo_webinvent3.png\" alt=\"\" width=\"200\" height=\"199\" \/><\/a><\/strong><\/p>\n<p style=\"text-align: center;\"><textarea cols=\"55\" rows=\"5\">&lt;a href=&#8221;http:\/\/www.webinvent.ro&#8221; _cke_saved_href=&#8221;http:\/\/www.webinvent.ro&#8221;&gt;&lt;img src=&#8221;http:\/\/www.webinvent.ro\/images\/logo_webinvent3.png&#8221; _cke_saved_src=&#8221;http:\/\/www.webinvent.ro\/images\/logo_webinvent3.png&#8221; title=&#8221;Web Invent Co. Webdesign Studio&#8221; width=&#8221;170&#8243; border=&#8221;0&#8243;&gt;&lt;\/a&gt;<\/textarea><\/p>\n<p style=\"text-align: center;\"><strong>Webinvent logo 4<\/strong><\/p>\n<p style=\"text-align: center;\"><strong><a href=\"http:\/\/www.webinvent.ro\/en\/images\/logo_webinvent4.png\/\"><img loading=\"lazy\" decoding=\"async\" class=\"aligncenter size-full wp-image-1026\" title=\"Webinvent logo 4\" src=\"http:\/\/www.webinvent.ro\/images\/logo_webinvent4.png\" alt=\"\" width=\"200\" height=\"199\" \/><\/a><\/strong><\/p>\n<p style=\"text-align: center;\"><textarea cols=\"55\" rows=\"5\">&lt;a href=&#8221;http:\/\/www.webinvent.ro&#8221; _cke_saved_href=&#8221;http:\/\/www.webinvent.ro&#8221;&gt;&lt;img src=&#8221;http:\/\/www.webinvent.ro\/images\/logo_webinvent4.png&#8221; _cke_saved_src=&#8221;http:\/\/www.webinvent.ro\/images\/logo_webinvent4.png&#8221; title=&#8221;Web Invent Co. Webdesign Studio&#8221; width=&#8221;170&#8243; border=&#8221;0&#8243;&gt;&lt;\/a&gt;<\/textarea><\/p>\n<p style=\"text-align: center;\"><strong>Webinvent logo 5<\/strong><\/p>\n<p style=\"text-align: center;\"><strong><a href=\"http:\/\/www.webinvent.ro\/en\/images\/logo_webinvent5.png\/\"><img loading=\"lazy\" decoding=\"async\" class=\"aligncenter size-full wp-image-1026\" title=\"Webinvent logo 5\" src=\"http:\/\/www.webinvent.ro\/images\/logo_webinvent5.png\" alt=\"\" width=\"200\" height=\"199\" \/><\/a><\/strong><\/p>\n<p style=\"text-align: center;\"><textarea cols=\"55\" rows=\"5\">&lt;a href=&#8221;http:\/\/www.webinvent.ro&#8221; _cke_saved_href=&#8221;http:\/\/www.webinvent.ro&#8221;&gt;&lt;img src=&#8221;http:\/\/www.webinvent.ro\/images\/logo_webinvent4.png&#8221; _cke_saved_src=&#8221;http:\/\/www.webinvent.ro\/images\/logo_webinvent5.png&#8221; title=&#8221;Web Invent Co. Webdesign Studio&#8221; width=&#8221;170&#8243; border=&#8221;0&#8243;&gt;&lt;\/a&gt;<\/textarea><\/p>\n<p style=\"text-align: center;\"><strong>Webinvent logo 6<\/strong><\/p>\n<p style=\"text-align: center;\"><strong><a href=\"http:\/\/www.webinvent.ro\/en\/images\/logo_webinvent6.png\/\"><img loading=\"lazy\" decoding=\"async\" class=\"aligncenter size-full wp-image-1026\" title=\"Webinvent logo 6\" src=\"http:\/\/www.webinvent.ro\/images\/logo_webinvent6.png\" alt=\"\" width=\"200\" height=\"199\" \/><\/a><\/strong><\/p>\n<p style=\"text-align: center;\"><textarea cols=\"55\" rows=\"5\">&lt;a href=&#8221;http:\/\/www.webinvent.ro&#8221; _cke_saved_href=&#8221;http:\/\/www.webinvent.ro&#8221;&gt;&lt;img src=&#8221;http:\/\/www.webinvent.ro\/images\/logo_webinvent6.png&#8221; _cke_saved_src=&#8221;http:\/\/www.webinvent.ro\/images\/logo_webinvent6.png&#8221; title=&#8221;Web Invent Co. Webdesign Studio&#8221; width=&#8221;170&#8243; border=&#8221;0&#8243;&gt;&lt;\/a&gt;<\/textarea><\/p>\n<p style=\"text-align: center;\"><span style=\"font-size: 14px;\">For further details:<\/span><\/p>\n<p>\u00a0<\/p>\n\n\t\t<\/div>\n\t<\/div>\n<\/div><\/div><\/div><\/div><div class=\"vc_row wpb_row vc_row-fluid\"><div class=\"wpb_column vc_column_container vc_col-sm-12\"><div class=\"vc_column-inner\"><div class=\"wpb_wrapper\"><div class=\"vc_btn3-container vc_btn3-center\" ><a class=\"vc_general vc_btn3 vc_btn3-size-md vc_btn3-shape-rounded vc_btn3-style-modern vc_btn3-color-sky\" href=\"http:\/\/www.webinvent.ro\/en\/contact\/formular-contact\/\" title=\"\">Contact Us<\/a><\/div><\/div><\/div><\/div><\/div>","protected":false},"excerpt":{"rendered":"Pentru cei ce vor s\u0103 fac\u0103 banner &amp; link exchange cu webinvent.ro pot s\u0103 foloseasc\u0103 codurile de mai jos pentru parteneriat ! Logo Back Link &lt;a<span class=\"excerpt-hellip\"> [\u2026]<\/span>","protected":false},"author":1,"featured_media":0,"parent":1035,"menu_order":1,"comment_status":"closed","ping_status":"open","template":"","meta":{"footnotes":""},"class_list":["post-1008","page","type-page","status-publish","hentry"],"yoast_head":"<!-- This site is optimized with the Yoast SEO Premium plugin v26.7 (Yoast SEO v26.7) - https:\/\/yoast.com\/wordpress\/plugins\/seo\/ -->\n<title>Link Exchange | Web Invent Co. Webdesign Studio<\/title>\n<meta name=\"description\" content=\"Pentru cei ce vor s\u0103 fac\u0103 banner &amp; link exchange cu webinvent.ro pot s\u0103 foloseasc\u0103 codurile de mai jos pentru parteneriat...\" \/>\n<meta name=\"robots\" content=\"index, follow, max-snippet:-1, max-image-preview:large, max-video-preview:-1\" \/>\n<link rel=\"canonical\" href=\"https:\/\/www.webinvent.ro\/en\/utile\/link-exchange\/\" \/>\n<meta property=\"og:locale\" content=\"en_GB\" \/>\n<meta property=\"og:type\" content=\"article\" \/>\n<meta property=\"og:title\" content=\"Link Exchange\" \/>\n<meta property=\"og:description\" content=\"Pentru cei ce vor s\u0103 fac\u0103 banner &amp; link exchange cu webinvent.ro pot s\u0103 foloseasc\u0103 codurile de mai jos pentru parteneriat...\" \/>\n<meta property=\"og:url\" content=\"https:\/\/www.webinvent.ro\/en\/utile\/link-exchange\/\" \/>\n<meta property=\"og:site_name\" content=\"Web Invent Co. Webdesign Studio\" \/>\n<meta property=\"article:publisher\" content=\"https:\/\/www.facebook.com\/webinvent.ro\" \/>\n<meta property=\"article:modified_time\" content=\"2020-02-23T20:05:12+00:00\" \/>\n<meta property=\"og:image\" content=\"https:\/\/www.webinvent.ro\/wp-content\/uploads\/2020\/01\/logo_retina.png\" \/>\n\t<meta property=\"og:image:width\" content=\"400\" \/>\n\t<meta property=\"og:image:height\" content=\"387\" \/>\n\t<meta property=\"og:image:type\" content=\"image\/png\" \/>\n<meta name=\"twitter:card\" content=\"summary_large_image\" \/>\n<meta name=\"twitter:site\" content=\"@versuswebinvent\" \/>\n<meta name=\"twitter:label1\" content=\"Estimated reading time\" \/>\n\t<meta name=\"twitter:data1\" content=\"2 minutes\" \/>\n<script type=\"application\/ld+json\" class=\"yoast-schema-graph\">{\"@context\":\"https:\/\/schema.org\",\"@graph\":[{\"@type\":\"WebPage\",\"@id\":\"https:\/\/www.webinvent.ro\/utile\/link-exchange\/\",\"url\":\"https:\/\/www.webinvent.ro\/utile\/link-exchange\/\",\"name\":\"Link Exchange | Web Invent Co. Webdesign Studio\",\"isPartOf\":{\"@id\":\"https:\/\/www.webinvent.ro\/#website\"},\"primaryImageOfPage\":{\"@id\":\"https:\/\/www.webinvent.ro\/utile\/link-exchange\/#primaryimage\"},\"image\":{\"@id\":\"https:\/\/www.webinvent.ro\/utile\/link-exchange\/#primaryimage\"},\"thumbnailUrl\":\"http:\/\/www.webinvent.ro\/images\/webinvent_backlink.png\",\"datePublished\":\"2011-02-08T14:56:09+00:00\",\"dateModified\":\"2020-02-23T20:05:12+00:00\",\"description\":\"Pentru cei ce vor s\u0103 fac\u0103 banner & link exchange cu webinvent.ro pot s\u0103 foloseasc\u0103 codurile de mai jos pentru parteneriat...\",\"breadcrumb\":{\"@id\":\"https:\/\/www.webinvent.ro\/utile\/link-exchange\/#breadcrumb\"},\"inLanguage\":\"en-GB\",\"potentialAction\":[{\"@type\":\"ReadAction\",\"target\":[\"https:\/\/www.webinvent.ro\/utile\/link-exchange\/\"]}]},{\"@type\":\"ImageObject\",\"inLanguage\":\"en-GB\",\"@id\":\"https:\/\/www.webinvent.ro\/utile\/link-exchange\/#primaryimage\",\"url\":\"http:\/\/www.webinvent.ro\/images\/webinvent_backlink.png\",\"contentUrl\":\"http:\/\/www.webinvent.ro\/images\/webinvent_backlink.png\"},{\"@type\":\"BreadcrumbList\",\"@id\":\"https:\/\/www.webinvent.ro\/utile\/link-exchange\/#breadcrumb\",\"itemListElement\":[{\"@type\":\"ListItem\",\"position\":1,\"name\":\"Home\",\"item\":\"https:\/\/www.webinvent.ro\/\"},{\"@type\":\"ListItem\",\"position\":2,\"name\":\"UTILE\",\"item\":\"https:\/\/www.webinvent.ro\/utile\/\"},{\"@type\":\"ListItem\",\"position\":3,\"name\":\"Link Exchange\"}]},{\"@type\":\"WebSite\",\"@id\":\"https:\/\/www.webinvent.ro\/#website\",\"url\":\"https:\/\/www.webinvent.ro\/\",\"name\":\"Web Invent Co. Webdesign Studio | Studio specializat in Programare, Promovare, Administrare & grafica Web, Design Publicitar, Optimizare SEO, Hosting & Domenii\",\"description\":\"Web Invent - Studio specializat in Programare, Promovare, Administrare &amp; grafica Web, Design Publicitar, Optimizare SEO, Hosting &amp; Domenii.\",\"publisher\":{\"@id\":\"https:\/\/www.webinvent.ro\/#organization\"},\"potentialAction\":[{\"@type\":\"SearchAction\",\"target\":{\"@type\":\"EntryPoint\",\"urlTemplate\":\"https:\/\/www.webinvent.ro\/?s={search_term_string}\"},\"query-input\":{\"@type\":\"PropertyValueSpecification\",\"valueRequired\":true,\"valueName\":\"search_term_string\"}}],\"inLanguage\":\"en-GB\"},{\"@type\":\"Organization\",\"@id\":\"https:\/\/www.webinvent.ro\/#organization\",\"name\":\"Web Invent\",\"url\":\"https:\/\/www.webinvent.ro\/\",\"logo\":{\"@type\":\"ImageObject\",\"inLanguage\":\"en-GB\",\"@id\":\"https:\/\/www.webinvent.ro\/#\/schema\/logo\/image\/\",\"url\":\"https:\/\/www.webinvent.ro\/wp-content\/uploads\/2020\/01\/favicon_apple.png\",\"contentUrl\":\"https:\/\/www.webinvent.ro\/wp-content\/uploads\/2020\/01\/favicon_apple.png\",\"width\":180,\"height\":180,\"caption\":\"Web Invent\"},\"image\":{\"@id\":\"https:\/\/www.webinvent.ro\/#\/schema\/logo\/image\/\"},\"sameAs\":[\"https:\/\/www.facebook.com\/webinvent.ro\",\"https:\/\/x.com\/versuswebinvent\"]}]}<\/script>\n<!-- \/ Yoast SEO Premium plugin. -->","yoast_head_json":{"title":"Link Exchange | Web Invent Co. Webdesign Studio","description":"For those who want to make banner &amp; link exchange with webinvent.ro they can use the codes below for the partnership ...","robots":{"index":"index","follow":"follow","max-snippet":"max-snippet:-1","max-image-preview":"max-image-preview:large","max-video-preview":"max-video-preview:-1"},"canonical":"https:\/\/www.webinvent.ro\/en\/utile\/link-exchange\/","og_locale":"en_GB","og_type":"article","og_title":"Link Exchange","og_description":"Pentru cei ce vor s\u0103 fac\u0103 banner & link exchange cu webinvent.ro pot s\u0103 foloseasc\u0103 codurile de mai jos pentru parteneriat...","og_url":"https:\/\/www.webinvent.ro\/en\/utile\/link-exchange\/","og_site_name":"Web Invent Co. Webdesign Studio","article_publisher":"https:\/\/www.facebook.com\/webinvent.ro","article_modified_time":"2020-02-23T20:05:12+00:00","og_image":[{"width":400,"height":387,"url":"https:\/\/www.webinvent.ro\/wp-content\/uploads\/2020\/01\/logo_retina.png","type":"image\/png"}],"twitter_card":"summary_large_image","twitter_site":"@versuswebinvent","twitter_misc":{"Estimated reading time":"2 minutes"},"schema":{"@context":"https:\/\/schema.org","@graph":[{"@type":"WebPage","@id":"https:\/\/www.webinvent.ro\/utile\/link-exchange\/","url":"https:\/\/www.webinvent.ro\/utile\/link-exchange\/","name":"Link Exchange | Web Invent Co. Webdesign Studio","isPartOf":{"@id":"https:\/\/www.webinvent.ro\/#website"},"primaryImageOfPage":{"@id":"https:\/\/www.webinvent.ro\/utile\/link-exchange\/#primaryimage"},"image":{"@id":"https:\/\/www.webinvent.ro\/utile\/link-exchange\/#primaryimage"},"thumbnailUrl":"http:\/\/www.webinvent.ro\/images\/webinvent_backlink.png","datePublished":"2011-02-08T14:56:09+00:00","dateModified":"2020-02-23T20:05:12+00:00","description":"For those who want to make banner &amp; link exchange with webinvent.ro they can use the codes below for the partnership ...","breadcrumb":{"@id":"https:\/\/www.webinvent.ro\/utile\/link-exchange\/#breadcrumb"},"inLanguage":"en-GB","potentialAction":[{"@type":"ReadAction","target":["https:\/\/www.webinvent.ro\/utile\/link-exchange\/"]}]},{"@type":"ImageObject","inLanguage":"en-GB","@id":"https:\/\/www.webinvent.ro\/utile\/link-exchange\/#primaryimage","url":"http:\/\/www.webinvent.ro\/images\/webinvent_backlink.png","contentUrl":"http:\/\/www.webinvent.ro\/images\/webinvent_backlink.png"},{"@type":"BreadcrumbList","@id":"https:\/\/www.webinvent.ro\/utile\/link-exchange\/#breadcrumb","itemListElement":[{"@type":"ListItem","position":1,"name":"Home","item":"https:\/\/www.webinvent.ro\/"},{"@type":"ListItem","position":2,"name":"UTILE","item":"https:\/\/www.webinvent.ro\/utile\/"},{"@type":"ListItem","position":3,"name":"Link Exchange"}]},{"@type":"WebSite","@id":"https:\/\/www.webinvent.ro\/#website","url":"https:\/\/www.webinvent.ro\/","name":"Web Invent Co. Webdesign Studio | Studio specializat in Programare, Promovare, Administrare & grafica Web, Design Publicitar, Optimizare SEO, Hosting & Domenii","description":"Web Invent - Studio specializat in Programare, Promovare, Administrare &amp; grafica Web, Design Publicitar, Optimizare SEO, Hosting &amp; Domenii.","publisher":{"@id":"https:\/\/www.webinvent.ro\/#organization"},"potentialAction":[{"@type":"SearchAction","target":{"@type":"EntryPoint","urlTemplate":"https:\/\/www.webinvent.ro\/?s={search_term_string}"},"query-input":{"@type":"PropertyValueSpecification","valueRequired":true,"valueName":"search_term_string"}}],"inLanguage":"en-GB"},{"@type":"Organization","@id":"https:\/\/www.webinvent.ro\/#organization","name":"Web Invent","url":"https:\/\/www.webinvent.ro\/","logo":{"@type":"ImageObject","inLanguage":"en-GB","@id":"https:\/\/www.webinvent.ro\/#\/schema\/logo\/image\/","url":"https:\/\/www.webinvent.ro\/wp-content\/uploads\/2020\/01\/favicon_apple.png","contentUrl":"https:\/\/www.webinvent.ro\/wp-content\/uploads\/2020\/01\/favicon_apple.png","width":180,"height":180,"caption":"Web Invent"},"image":{"@id":"https:\/\/www.webinvent.ro\/#\/schema\/logo\/image\/"},"sameAs":["https:\/\/www.facebook.com\/webinvent.ro","https:\/\/x.com\/versuswebinvent"]}]}},"_links":{"self":[{"href":"https:\/\/www.webinvent.ro\/en\/wp-json\/wp\/v2\/pages\/1008","targetHints":{"allow":["GET"]}}],"collection":[{"href":"https:\/\/www.webinvent.ro\/en\/wp-json\/wp\/v2\/pages"}],"about":[{"href":"https:\/\/www.webinvent.ro\/en\/wp-json\/wp\/v2\/types\/page"}],"author":[{"embeddable":true,"href":"https:\/\/www.webinvent.ro\/en\/wp-json\/wp\/v2\/users\/1"}],"replies":[{"embeddable":true,"href":"https:\/\/www.webinvent.ro\/en\/wp-json\/wp\/v2\/comments?post=1008"}],"version-history":[{"count":36,"href":"https:\/\/www.webinvent.ro\/en\/wp-json\/wp\/v2\/pages\/1008\/revisions"}],"predecessor-version":[{"id":3955,"href":"https:\/\/www.webinvent.ro\/en\/wp-json\/wp\/v2\/pages\/1008\/revisions\/3955"}],"up":[{"embeddable":true,"href":"https:\/\/www.webinvent.ro\/en\/wp-json\/wp\/v2\/pages\/1035"}],"wp:attachment":[{"href":"https:\/\/www.webinvent.ro\/en\/wp-json\/wp\/v2\/media?parent=1008"}],"curies":[{"name":"wp","href":"https:\/\/api.w.org\/{rel}","templated":true}]}}