{"id":34,"date":"2010-08-12T20:43:59","date_gmt":"2010-08-12T20:43:59","guid":{"rendered":"http:\/\/webinvent.ro\/?page_id=34"},"modified":"2020-04-28T15:47:41","modified_gmt":"2020-04-28T12:47:41","slug":"mentenanta","status":"publish","type":"page","link":"http:\/\/www.webinvent.ro\/en\/servicii\/mentenanta\/","title":{"rendered":"Site maintenance"},"content":{"rendered":"<p style=\"text-align: justify;\"><span style=\"font-family: verdana, geneva, sans-serif; text-align: justify;\">With each new website you will always need maintenance and maintenance. The Web Invent team offers site maintenance services for small and medium-sized businesses, allowing them to focus on their business issues.<\/span><\/p>\n<div>\n<p style=\"text-align: justify;\"><span style=\"font-family: verdana,geneva,sans-serif;\">The maintenance and maintenance offered by Web Invent for a website may include one or more of the following services that are the result of the need for greater or lesser improvements to the site:<\/span><\/p>\n<ul style=\"text-align: justify;\">\n<li><span style=\"font-family: verdana,geneva,sans-serif;\"><span style=\"color: #000000;\">Daily verification of the functionality of the site.<\/span><\/span><\/li>\n<li><span style=\"font-family: verdana,geneva,sans-serif;\"><span style=\"color: #000000;\">Daily verification of the functionality of links and forms within the pages.<\/span><\/span><\/li>\n<li><span style=\"font-family: verdana,geneva,sans-serif;\"><span style=\"color: #000000;\">Site structure ...<\/span><\/span><\/li>\n<li><span style=\"font-family: verdana,geneva,sans-serif;\"><span style=\"color: #000000;\">Competitive analysis, statistical details.<\/span><\/span><\/li>\n<li><span style=\"font-family: verdana,geneva,sans-serif;\"><span style=\"color: #000000;\">Keyword analysis, elaboration of indexing strategy.<\/span><\/span><\/li>\n<li><span style=\"font-family: verdana,geneva,sans-serif;\"><span style=\"color: #000000;\">Statistics, diagnostic indexing provided by Google and other search engines.<\/span><\/span><\/li>\n<li><span style=\"font-family: verdana,geneva,sans-serif;\"><span style=\"color: #000000;\">Web site backup.<\/span><\/span><\/li>\n<li><span style=\"font-family: verdana,geneva,sans-serif;\"><span style=\"color: #000000;\">Upload up-dates.<\/span><\/span><\/li>\n<\/ul>\n<p style=\"text-align: justify;\"><span style=\"font-family: verdana,geneva,sans-serif;\">For more information, contact us in the section <a href=\"http:\/\/www.webinvent.ro\/en\/formular-contact\/\">contact<\/a>, download <a href=\"http:\/\/www.webinvent.ro\/download\/Oferta-Preturi-Servicii-WebInventCo.pdf\" target=\"_blank\" rel=\"noopener noreferrer\">offer <\/a>in pdf format or send us <a href=\"http:\/\/www.webinvent.ro\/en\/formular-comanda\/\">command<\/a> d date.<\/span><\/p>\n<\/div>","protected":false},"excerpt":{"rendered":"<p>Cu fiecare website nou v-a fi intotdeauna nevoie de intretinere si mentenanta. Echipa Web Invent ofera servicii de intretinere a site-urilor pentru afacerile mici si mijlocii,<span class=\"excerpt-hellip\"> [\u2026]<\/span><\/p>\n","protected":false},"author":1,"featured_media":0,"parent":2,"menu_order":3,"comment_status":"closed","ping_status":"open","template":"","meta":{"footnotes":""},"class_list":["post-34","page","type-page","status-publish","hentry"],"yoast_head":"<!-- This site is optimized with the Yoast SEO Premium plugin v26.7 (Yoast SEO v26.7) - https:\/\/yoast.com\/wordpress\/plugins\/seo\/ -->\n<title>Mentenan\u021b\u0103 Site | Web Invent Co. Webdesign Studio<\/title>\n<meta name=\"description\" content=\"Cu fiecare website nou v-a fi intotdeauna nevoie de intret\u021bnere \u0219i mentenan\u021b\u0103, echipa Web Invent ofer\u0103 servicii de \u00eentre\u021binere a site-urilor pentru...\" \/>\n<meta name=\"robots\" content=\"index, follow, max-snippet:-1, max-image-preview:large, max-video-preview:-1\" \/>\n<link rel=\"canonical\" href=\"https:\/\/www.webinvent.ro\/en\/servicii\/mentenanta\/\" \/>\n<meta property=\"og:locale\" content=\"en_GB\" \/>\n<meta property=\"og:type\" content=\"article\" \/>\n<meta property=\"og:title\" content=\"Mentenan\u021b\u0103 Site\" \/>\n<meta property=\"og:description\" content=\"Cu fiecare website nou v-a fi intotdeauna nevoie de intret\u021bnere \u0219i mentenan\u021b\u0103, echipa Web Invent ofer\u0103 servicii de \u00eentre\u021binere a site-urilor pentru...\" \/>\n<meta property=\"og:url\" content=\"https:\/\/www.webinvent.ro\/en\/servicii\/mentenanta\/\" \/>\n<meta property=\"og:site_name\" content=\"Web Invent Co. Webdesign Studio\" \/>\n<meta property=\"article:publisher\" content=\"https:\/\/www.facebook.com\/webinvent.ro\" \/>\n<meta property=\"article:modified_time\" content=\"2020-04-28T12:47:41+00:00\" \/>\n<meta property=\"og:image\" content=\"https:\/\/www.webinvent.ro\/wp-content\/uploads\/2020\/01\/logo_retina.png\" \/>\n\t<meta property=\"og:image:width\" content=\"400\" \/>\n\t<meta property=\"og:image:height\" content=\"387\" \/>\n\t<meta property=\"og:image:type\" content=\"image\/png\" \/>\n<meta name=\"twitter:card\" content=\"summary_large_image\" \/>\n<meta name=\"twitter:site\" content=\"@versuswebinvent\" \/>\n<meta name=\"twitter:label1\" content=\"Estimated reading time\" \/>\n\t<meta name=\"twitter:data1\" content=\"1 minute\" \/>\n<script type=\"application\/ld+json\" class=\"yoast-schema-graph\">{\"@context\":\"https:\/\/schema.org\",\"@graph\":[{\"@type\":\"WebPage\",\"@id\":\"https:\/\/www.webinvent.ro\/en\/servicii\/mentenanta\/\",\"url\":\"https:\/\/www.webinvent.ro\/en\/servicii\/mentenanta\/\",\"name\":\"Mentenan\u021b\u0103 Site | Web Invent Co. Webdesign Studio\",\"isPartOf\":{\"@id\":\"https:\/\/www.webinvent.ro\/#website\"},\"datePublished\":\"2010-08-12T20:43:59+00:00\",\"dateModified\":\"2020-04-28T12:47:41+00:00\",\"description\":\"Cu fiecare website nou v-a fi intotdeauna nevoie de intret\u021bnere \u0219i mentenan\u021b\u0103, echipa Web Invent ofer\u0103 servicii de \u00eentre\u021binere a site-urilor pentru...\",\"breadcrumb\":{\"@id\":\"https:\/\/www.webinvent.ro\/en\/servicii\/mentenanta\/#breadcrumb\"},\"inLanguage\":\"en-GB\",\"potentialAction\":[{\"@type\":\"ReadAction\",\"target\":[\"https:\/\/www.webinvent.ro\/en\/servicii\/mentenanta\/\"]}]},{\"@type\":\"BreadcrumbList\",\"@id\":\"https:\/\/www.webinvent.ro\/en\/servicii\/mentenanta\/#breadcrumb\",\"itemListElement\":[{\"@type\":\"ListItem\",\"position\":1,\"name\":\"Home\",\"item\":\"https:\/\/www.webinvent.ro\/\"},{\"@type\":\"ListItem\",\"position\":2,\"name\":\"SERVICII\",\"item\":\"https:\/\/www.webinvent.ro\/en\/servicii\/\"},{\"@type\":\"ListItem\",\"position\":3,\"name\":\"Mentenan\u021b\u0103 Site\"}]},{\"@type\":\"WebSite\",\"@id\":\"https:\/\/www.webinvent.ro\/#website\",\"url\":\"https:\/\/www.webinvent.ro\/\",\"name\":\"Web Invent Co. Webdesign Studio | Studio specializat in Programare, Promovare, Administrare & grafica Web, Design Publicitar, Optimizare SEO, Hosting & Domenii\",\"description\":\"Web Invent - Studio specializat in Programare, Promovare, Administrare &amp; grafica Web, Design Publicitar, Optimizare SEO, Hosting &amp; Domenii.\",\"publisher\":{\"@id\":\"https:\/\/www.webinvent.ro\/#organization\"},\"potentialAction\":[{\"@type\":\"SearchAction\",\"target\":{\"@type\":\"EntryPoint\",\"urlTemplate\":\"https:\/\/www.webinvent.ro\/?s={search_term_string}\"},\"query-input\":{\"@type\":\"PropertyValueSpecification\",\"valueRequired\":true,\"valueName\":\"search_term_string\"}}],\"inLanguage\":\"en-GB\"},{\"@type\":\"Organization\",\"@id\":\"https:\/\/www.webinvent.ro\/#organization\",\"name\":\"Web Invent\",\"url\":\"https:\/\/www.webinvent.ro\/\",\"logo\":{\"@type\":\"ImageObject\",\"inLanguage\":\"en-GB\",\"@id\":\"https:\/\/www.webinvent.ro\/#\/schema\/logo\/image\/\",\"url\":\"https:\/\/www.webinvent.ro\/wp-content\/uploads\/2020\/01\/favicon_apple.png\",\"contentUrl\":\"https:\/\/www.webinvent.ro\/wp-content\/uploads\/2020\/01\/favicon_apple.png\",\"width\":180,\"height\":180,\"caption\":\"Web Invent\"},\"image\":{\"@id\":\"https:\/\/www.webinvent.ro\/#\/schema\/logo\/image\/\"},\"sameAs\":[\"https:\/\/www.facebook.com\/webinvent.ro\",\"https:\/\/x.com\/versuswebinvent\"]}]}<\/script>\n<!-- \/ Yoast SEO Premium plugin. -->","yoast_head_json":{"title":"Site Maintenance | Web Invent Co. Webdesign Studio","description":"With each new website you will always need maintenance and maintenance, the Web Invent team provides site maintenance services for ...","robots":{"index":"index","follow":"follow","max-snippet":"max-snippet:-1","max-image-preview":"max-image-preview:large","max-video-preview":"max-video-preview:-1"},"canonical":"https:\/\/www.webinvent.ro\/en\/servicii\/mentenanta\/","og_locale":"en_GB","og_type":"article","og_title":"Mentenan\u021b\u0103 Site","og_description":"Cu fiecare website nou v-a fi intotdeauna nevoie de intret\u021bnere \u0219i mentenan\u021b\u0103, echipa Web Invent ofer\u0103 servicii de \u00eentre\u021binere a site-urilor pentru...","og_url":"https:\/\/www.webinvent.ro\/en\/servicii\/mentenanta\/","og_site_name":"Web Invent Co. Webdesign Studio","article_publisher":"https:\/\/www.facebook.com\/webinvent.ro","article_modified_time":"2020-04-28T12:47:41+00:00","og_image":[{"width":400,"height":387,"url":"https:\/\/www.webinvent.ro\/wp-content\/uploads\/2020\/01\/logo_retina.png","type":"image\/png"}],"twitter_card":"summary_large_image","twitter_site":"@versuswebinvent","twitter_misc":{"Estimated reading time":"1 minute"},"schema":{"@context":"https:\/\/schema.org","@graph":[{"@type":"WebPage","@id":"https:\/\/www.webinvent.ro\/en\/servicii\/mentenanta\/","url":"https:\/\/www.webinvent.ro\/en\/servicii\/mentenanta\/","name":"Site Maintenance | Web Invent Co. Webdesign Studio","isPartOf":{"@id":"https:\/\/www.webinvent.ro\/#website"},"datePublished":"2010-08-12T20:43:59+00:00","dateModified":"2020-04-28T12:47:41+00:00","description":"With each new website you will always need maintenance and maintenance, the Web Invent team provides site maintenance services for ...","breadcrumb":{"@id":"https:\/\/www.webinvent.ro\/en\/servicii\/mentenanta\/#breadcrumb"},"inLanguage":"en-GB","potentialAction":[{"@type":"ReadAction","target":["https:\/\/www.webinvent.ro\/en\/servicii\/mentenanta\/"]}]},{"@type":"BreadcrumbList","@id":"https:\/\/www.webinvent.ro\/en\/servicii\/mentenanta\/#breadcrumb","itemListElement":[{"@type":"ListItem","position":1,"name":"Home","item":"https:\/\/www.webinvent.ro\/"},{"@type":"ListItem","position":2,"name":"SERVICII","item":"https:\/\/www.webinvent.ro\/en\/servicii\/"},{"@type":"ListItem","position":3,"name":"Mentenan\u021b\u0103 Site"}]},{"@type":"WebSite","@id":"https:\/\/www.webinvent.ro\/#website","url":"https:\/\/www.webinvent.ro\/","name":"Web Invent Co. Webdesign Studio | Studio specializat in Programare, Promovare, Administrare & grafica Web, Design Publicitar, Optimizare SEO, Hosting & Domenii","description":"Web Invent - Studio specializat in Programare, Promovare, Administrare &amp; grafica Web, Design Publicitar, Optimizare SEO, Hosting &amp; Domenii.","publisher":{"@id":"https:\/\/www.webinvent.ro\/#organization"},"potentialAction":[{"@type":"SearchAction","target":{"@type":"EntryPoint","urlTemplate":"https:\/\/www.webinvent.ro\/?s={search_term_string}"},"query-input":{"@type":"PropertyValueSpecification","valueRequired":true,"valueName":"search_term_string"}}],"inLanguage":"en-GB"},{"@type":"Organization","@id":"https:\/\/www.webinvent.ro\/#organization","name":"Web Invent","url":"https:\/\/www.webinvent.ro\/","logo":{"@type":"ImageObject","inLanguage":"en-GB","@id":"https:\/\/www.webinvent.ro\/#\/schema\/logo\/image\/","url":"https:\/\/www.webinvent.ro\/wp-content\/uploads\/2020\/01\/favicon_apple.png","contentUrl":"https:\/\/www.webinvent.ro\/wp-content\/uploads\/2020\/01\/favicon_apple.png","width":180,"height":180,"caption":"Web Invent"},"image":{"@id":"https:\/\/www.webinvent.ro\/#\/schema\/logo\/image\/"},"sameAs":["https:\/\/www.facebook.com\/webinvent.ro","https:\/\/x.com\/versuswebinvent"]}]}},"_links":{"self":[{"href":"http:\/\/www.webinvent.ro\/en\/wp-json\/wp\/v2\/pages\/34","targetHints":{"allow":["GET"]}}],"collection":[{"href":"http:\/\/www.webinvent.ro\/en\/wp-json\/wp\/v2\/pages"}],"about":[{"href":"http:\/\/www.webinvent.ro\/en\/wp-json\/wp\/v2\/types\/page"}],"author":[{"embeddable":true,"href":"http:\/\/www.webinvent.ro\/en\/wp-json\/wp\/v2\/users\/1"}],"replies":[{"embeddable":true,"href":"http:\/\/www.webinvent.ro\/en\/wp-json\/wp\/v2\/comments?post=34"}],"version-history":[{"count":20,"href":"http:\/\/www.webinvent.ro\/en\/wp-json\/wp\/v2\/pages\/34\/revisions"}],"predecessor-version":[{"id":4108,"href":"http:\/\/www.webinvent.ro\/en\/wp-json\/wp\/v2\/pages\/34\/revisions\/4108"}],"up":[{"embeddable":true,"href":"http:\/\/www.webinvent.ro\/en\/wp-json\/wp\/v2\/pages\/2"}],"wp:attachment":[{"href":"http:\/\/www.webinvent.ro\/en\/wp-json\/wp\/v2\/media?parent=34"}],"curies":[{"name":"wp","href":"https:\/\/api.w.org\/{rel}","templated":true}]}}